{"id":486,"date":"2023-03-31T10:50:47","date_gmt":"2023-03-31T08:50:47","guid":{"rendered":"https:\/\/cartagena.wordcamp.org\/2023\/?page_id=486"},"modified":"2023-05-16T21:59:02","modified_gmt":"2023-05-16T19:59:02","slug":"como-llegar","status":"publish","type":"page","link":"https:\/\/cartagena.wordcamp.org\/2023\/como-llegar\/","title":{"rendered":"C\u00f3mo llegar"},"content":{"rendered":"\n<div class=\"wp-block-cover alignfull\" style=\"min-height:244px;aspect-ratio:unset;\"><span aria-hidden=\"true\" class=\"wp-block-cover__background has-background-dim-100 has-background-dim\" style=\"background-color:#0077c8\"><\/span><div class=\"wp-block-cover__inner-container is-layout-constrained wp-block-cover-is-layout-constrained\">\n<div class=\"wp-block-columns alignwide is-layout-flex wp-container-core-columns-is-layout-f56f613f wp-block-columns-is-layout-flex\">\n<div class=\"wp-block-column is-layout-flow wp-block-column-is-layout-flow\" style=\"flex-basis:33.33%\">\n<figure class=\"wp-block-image aligncenter size-full is-resized\"><img loading=\"lazy\" decoding=\"async\" src=\"https:\/\/cartagena.wordcamp.org\/2023\/files\/2023\/03\/mensaje-en-una-botella10.png\" alt=\"\" class=\"wp-image-343\" width=\"213\" height=\"213\" srcset=\"https:\/\/cartagena.wordcamp.org\/2023\/files\/2023\/03\/mensaje-en-una-botella10.png 500w, https:\/\/cartagena.wordcamp.org\/2023\/files\/2023\/03\/mensaje-en-una-botella10-300x300.png 300w, https:\/\/cartagena.wordcamp.org\/2023\/files\/2023\/03\/mensaje-en-una-botella10-150x150.png 150w\" sizes=\"auto, (max-width: 213px) 100vw, 213px\" \/><\/figure>\n<\/div>\n\n\n\n<div class=\"wp-block-column is-vertically-aligned-center is-layout-flow wp-block-column-is-layout-flow\" style=\"flex-basis:66.66%\">\n<h2 class=\"wp-block-heading has-text-align-center\">C\u00f3mo llegar<\/h2>\n\n\n\n<p class=\"has-text-align-center wp-block-paragraph\">Todo lo que debes saber para llegar sin problemas<\/p>\n<\/div>\n<\/div>\n<\/div><\/div>\n\n\n\n<div class=\"wp-block-group alignfull is-layout-constrained wp-container-core-group-is-layout-82fbb045 wp-block-group-is-layout-constrained\">\n<div class=\"wp-block-columns is-layout-flex wp-container-core-columns-is-layout-f56f613f wp-block-columns-is-layout-flex\">\n<div class=\"wp-block-column is-vertically-aligned-center is-layout-flow wp-block-column-is-layout-flow\">\n<h3 class=\"wp-block-heading has-text-align-left\">Aqu\u00ed te esperamos<\/h3>\n\n\n\n<p class=\"has-text-align-left wp-block-paragraph\">Tanto el Auditorio como el Club de regatas est\u00e1n dentro del mismo puerto de Cartagena, est\u00e1n separados muy poco unos de otros. Aqu\u00ed te damos algunas indicaciones sobre como llegar al Auditorio ya que una vez all\u00ed nuestros voluntarios y voluntarias os orientar\u00e1n sobre como y cuando cambiaremos de lugar. <\/p>\n\n\n\n<p class=\"has-text-align-left wp-block-paragraph\">Lo primero y mas sencillo seguir el mapa.<\/p>\n<\/div>\n\n\n\n<div class=\"wp-block-column is-layout-constrained wp-container-core-column-is-layout-18c100bf wp-block-column-is-layout-constrained\">\n<div class=\"googlemaps\">\n\t\t\t\t<iframe loading=\"lazy\" width=\"350\" height=\"400\" frameborder=\"0\" scrolling=\"no\" marginheight=\"0\" marginwidth=\"0\"  src=\"https:\/\/www.google.com\/maps\/embed?pb=!1m14!1m8!1m3!1d12644.738677847849!2d-0.9776511!3d37.5978126!3m2!1i1024!2i768!4f13.1!3m3!1m2!1s0xd634186ae58ac4b:0xe6a4bf805ebca9e4!2sAuditorio%20y%20Palacio%20de%20Congresos%20El%20Batel!5e0!3m2!1ses!2ses!4v1682415169826!5m2!1ses!2ses\"><\/iframe>\n\t\t\t<\/div>\n<\/div>\n<\/div>\n<\/div>\n\n\n\n<h3 class=\"wp-block-heading\">C\u00f3mo llegar en transporte p\u00fablico<\/h3>\n\n\n\n<div class=\"wp-block-columns is-layout-flex wp-container-core-columns-is-layout-f56f613f wp-block-columns-is-layout-flex\">\n<div class=\"wp-block-column is-vertically-aligned-center is-layout-flow wp-block-column-is-layout-flow\" style=\"flex-basis:33.33%\">\n<figure class=\"wp-block-image aligncenter size-full is-resized\"><img loading=\"lazy\" decoding=\"async\" src=\"https:\/\/cartagena.wordcamp.org\/2023\/files\/2023\/04\/autobus-1.png\" alt=\"\" class=\"wp-image-672\" width=\"209\" height=\"209\" srcset=\"https:\/\/cartagena.wordcamp.org\/2023\/files\/2023\/04\/autobus-1.png 500w, https:\/\/cartagena.wordcamp.org\/2023\/files\/2023\/04\/autobus-1-300x300.png 300w, https:\/\/cartagena.wordcamp.org\/2023\/files\/2023\/04\/autobus-1-150x150.png 150w\" sizes=\"auto, (max-width: 209px) 100vw, 209px\" \/><\/figure>\n<\/div>\n\n\n\n<div class=\"wp-block-column is-vertically-aligned-center is-layout-flow wp-block-column-is-layout-flow\" style=\"flex-basis:66.66%\">\n<h4 class=\"wp-block-heading has-text-align-center\">En autobus:<\/h4>\n\n\n\n<p class=\"has-text-align-center wp-block-paragraph\">Las lineas 8 y 9 te dejan en el mismo paseo Alfonso XII y desde all\u00ed solo tendr\u00e1s que andar un poquito hasta el Auditorio<\/p>\n\n\n\n<div class=\"wp-block-buttons is-content-justification-center is-layout-flex wp-container-core-buttons-is-layout-20959078 wp-block-buttons-is-layout-flex\">\n<div class=\"wp-block-button\"><a class=\"wp-block-button__link wp-element-button\" href=\"https:\/\/www.cartagena.es\/gestion\/documentos\/59620.pdf\">Descargar Lineas de autob\u00fas<\/a><\/div>\n<\/div>\n<\/div>\n<\/div>\n\n\n\n<div class=\"wp-block-cover alignfull\"><span aria-hidden=\"true\" class=\"wp-block-cover__background has-background-dim-100 has-background-dim\" style=\"background-color:#0077c8\"><\/span><div class=\"wp-block-cover__inner-container is-layout-constrained wp-block-cover-is-layout-constrained\">\n<div class=\"wp-block-columns alignwide is-layout-flex wp-container-core-columns-is-layout-f56f613f wp-block-columns-is-layout-flex\">\n<div class=\"wp-block-column is-vertically-aligned-center is-layout-flow wp-block-column-is-layout-flow\">\n<h4 class=\"wp-block-heading has-text-align-center\">Donde aparcar<\/h4>\n\n\n\n<figure class=\"wp-block-image aligncenter size-full is-resized\"><img loading=\"lazy\" decoding=\"async\" src=\"https:\/\/cartagena.wordcamp.org\/2023\/files\/2023\/04\/parking.png\" alt=\"\" class=\"wp-image-659\" width=\"250\" height=\"250\" srcset=\"https:\/\/cartagena.wordcamp.org\/2023\/files\/2023\/04\/parking.png 500w, https:\/\/cartagena.wordcamp.org\/2023\/files\/2023\/04\/parking-300x300.png 300w, https:\/\/cartagena.wordcamp.org\/2023\/files\/2023\/04\/parking-150x150.png 150w\" sizes=\"auto, (max-width: 250px) 100vw, 250px\" \/><\/figure>\n<\/div>\n\n\n\n<div class=\"wp-block-column is-vertically-aligned-center is-layout-flow wp-block-column-is-layout-flow\">\n<p class=\"wp-block-paragraph\"><\/p>\n\n\n\n<p class=\"wp-block-paragraph\">El puerto cuenta con un parking publico de pago puedes llegar a el haciendo <a href=\"https:\/\/goo.gl\/maps\/73EK1sHsUghY5Nhx9\">aqu\u00ed<\/a><\/p>\n\n\n\n<p class=\"wp-block-paragraph\">Frente al Batel hay un aparcamiento publico gratuito, puedes llegar hasta el <a href=\"https:\/\/goo.gl\/maps\/9vwp68e2UBzdSzL79\">aqu\u00ed<\/a><\/p>\n\n\n\n<p class=\"wp-block-paragraph\">Si no hay sitio en ese puedes ver el aparcamiento gratuito de la Universidad Polit\u00e9cnica. Puedes llegar a el <a href=\"https:\/\/goo.gl\/maps\/fM9hd3HYedGFFh3T7\">aqu\u00ed<\/a><\/p>\n<\/div>\n<\/div>\n<\/div><\/div>\n\n\n\n<hr class=\"wp-block-separator has-text-color has-alpha-channel-opacity has-background is-style-default\" style=\"margin-top:var(--wp--preset--spacing--70);margin-bottom:var(--wp--preset--spacing--70);background-color:#0077c8;color:#0077c8\" \/>\n\n\n\n<h3 class=\"wp-block-heading has-text-align-center\">C\u00f3mo llegar a Cartagena:<\/h3>\n\n\n\n<p class=\"has-text-align-center wp-block-paragraph\">Si vienes de fuera de la ciudad hay un mont\u00f3n de formas de llegar. <\/p>\n\n\n\n<div class=\"wp-block-group is-layout-constrained wp-block-group-is-layout-constrained\">\n<div class=\"wp-block-columns alignwide is-layout-flex wp-container-core-columns-is-layout-f56f613f wp-block-columns-is-layout-flex\">\n<div class=\"wp-block-column is-layout-flow wp-block-column-is-layout-flow\">\n<figure class=\"wp-block-image aligncenter size-full is-resized\"><img loading=\"lazy\" decoding=\"async\" src=\"https:\/\/cartagena.wordcamp.org\/2023\/files\/2023\/04\/coche.png\" alt=\"\" class=\"wp-image-637\" width=\"125\" height=\"125\" srcset=\"https:\/\/cartagena.wordcamp.org\/2023\/files\/2023\/04\/coche.png 500w, https:\/\/cartagena.wordcamp.org\/2023\/files\/2023\/04\/coche-300x300.png 300w, https:\/\/cartagena.wordcamp.org\/2023\/files\/2023\/04\/coche-150x150.png 150w\" sizes=\"auto, (max-width: 125px) 100vw, 125px\" \/><\/figure>\n\n\n\n<h4 class=\"wp-block-heading has-text-align-center\">En coche: <\/h4>\n\n\n\n<p class=\"wp-block-paragraph\">Cartagena cuenta con dos grandes autopistas. Puedes llegar a ella por la AP7 si vienes de alg\u00fan lugar de la costa mediterranea o por la A31 si vienes desde el interior de la peninsula<\/p>\n<\/div>\n\n\n\n<div class=\"wp-block-column is-layout-flow wp-block-column-is-layout-flow\">\n<figure class=\"wp-block-image aligncenter size-full is-resized\"><img loading=\"lazy\" decoding=\"async\" src=\"https:\/\/cartagena.wordcamp.org\/2023\/files\/2023\/04\/tren.png\" alt=\"\" class=\"wp-image-638\" width=\"125\" height=\"125\" srcset=\"https:\/\/cartagena.wordcamp.org\/2023\/files\/2023\/04\/tren.png 500w, https:\/\/cartagena.wordcamp.org\/2023\/files\/2023\/04\/tren-300x300.png 300w, https:\/\/cartagena.wordcamp.org\/2023\/files\/2023\/04\/tren-150x150.png 150w\" sizes=\"auto, (max-width: 125px) 100vw, 125px\" \/><\/figure>\n\n\n\n<h4 class=\"wp-block-heading has-text-align-center\">En tren: <\/h4>\n\n\n\n<p class=\"wp-block-paragraph\">Cartagena cuenta con una estaci\u00f3n de tren, pero actualmente no est\u00e1 comunicada por Madrid ya que est\u00e1n de obras para que llegue el AVE<\/p>\n\n\n\n<p class=\"wp-block-paragraph\">Hay tren directo desde Barcelona, Castell\u00f3n, Valencia y Alicante y por supuesto cercan\u00edas desde murcia<\/p>\n\n\n\n<div class=\"wp-block-buttons is-content-justification-center is-layout-flex wp-container-core-buttons-is-layout-20959078 wp-block-buttons-is-layout-flex\">\n<div class=\"wp-block-button has-custom-font-size has-small-font-size\"><a class=\"wp-block-button__link wp-element-button\" href=\"https:\/\/www.adif.es\/w\/61307-cartagena\">Estaci\u00f3n de tren de Cartagena<\/a><\/div>\n\n\n\n<div class=\"wp-block-button has-custom-font-size has-small-font-size\"><a class=\"wp-block-button__link has-text-align-center wp-element-button\" href=\"https:\/\/cartagena.wordcamp.org\/2023\/files\/2023\/05\/TES_2023_00912.pdf\">5% de descuento RENFE<\/a><\/div>\n<\/div>\n<\/div>\n\n\n\n<div class=\"wp-block-column is-layout-flow wp-block-column-is-layout-flow\">\n<figure class=\"wp-block-image aligncenter size-full is-resized\"><img loading=\"lazy\" decoding=\"async\" src=\"https:\/\/cartagena.wordcamp.org\/2023\/files\/2023\/04\/autobus.png\" alt=\"\" class=\"wp-image-639\" width=\"125\" height=\"125\" srcset=\"https:\/\/cartagena.wordcamp.org\/2023\/files\/2023\/04\/autobus.png 500w, https:\/\/cartagena.wordcamp.org\/2023\/files\/2023\/04\/autobus-300x300.png 300w, https:\/\/cartagena.wordcamp.org\/2023\/files\/2023\/04\/autobus-150x150.png 150w\" sizes=\"auto, (max-width: 125px) 100vw, 125px\" \/><\/figure>\n\n\n\n<h4 class=\"wp-block-heading has-text-align-center\">En autob\u00fas:<\/h4>\n\n\n\n<p class=\"wp-block-paragraph\">Igualmente Cartagena cuenta con una estaci\u00f3n de autobuses a la que se puede conectada con casi todos los los municipios del interior de la Regi\u00f3n y las principales provincias cercanas. <\/p>\n\n\n\n<div class=\"wp-block-buttons is-layout-flex wp-block-buttons-is-layout-flex\">\n<div class=\"wp-block-button has-custom-width wp-block-button__width-100 has-custom-font-size has-small-font-size\"><a class=\"wp-block-button__link wp-element-button\" href=\"https:\/\/www.busbud.com\/es\/estacion-de-autobuses-de-cartagena\/s\/63\">Estaci\u00f3n de autobuses de Cartagena<\/a><\/div>\n<\/div>\n<\/div>\n<\/div>\n<\/div>\n\n\n\n<p class=\"wp-block-paragraph\"><\/p>\n\n\n\n<p class=\"has-text-align-center wp-block-paragraph\">Recuerda que para ver los espacios donde se va a desarrollar el evento puedes puedes ir a <a href=\"https:\/\/cartagena.wordcamp.org\/2023\/location\/\" data-type=\"page\" data-id=\"11\">Localizaciones<\/a><\/p>\n","protected":false},"excerpt":{"rendered":"<p>Aqu\u00ed te esperamos Tanto el Auditorio como el Club de regatas est\u00e1n dentro del mismo puerto de Cartagena, est\u00e1n separados muy poco unos de otros. Aqu\u00ed te damos algunas indicaciones sobre como llegar al Auditorio ya que una vez all\u00ed nuestros voluntarios y voluntarias os orientar\u00e1n sobre como y cuando cambiaremos de lugar. Lo primero [&hellip;]<\/p>\n","protected":false},"author":17029803,"featured_media":343,"parent":0,"menu_order":0,"comment_status":"closed","ping_status":"closed","template":"page-2","meta":{"_crdt_document":"","jetpack_post_was_ever_published":false,"footnotes":""},"class_list":["post-486","page","type-page","status-publish","has-post-thumbnail","hentry"],"jetpack_sharing_enabled":true,"_links":{"self":[{"href":"https:\/\/cartagena.wordcamp.org\/2023\/wp-json\/wp\/v2\/pages\/486","targetHints":{"allow":["GET"]}}],"collection":[{"href":"https:\/\/cartagena.wordcamp.org\/2023\/wp-json\/wp\/v2\/pages"}],"about":[{"href":"https:\/\/cartagena.wordcamp.org\/2023\/wp-json\/wp\/v2\/types\/page"}],"author":[{"embeddable":true,"href":"https:\/\/cartagena.wordcamp.org\/2023\/wp-json\/wp\/v2\/users\/17029803"}],"replies":[{"embeddable":true,"href":"https:\/\/cartagena.wordcamp.org\/2023\/wp-json\/wp\/v2\/comments?post=486"}],"version-history":[{"count":57,"href":"https:\/\/cartagena.wordcamp.org\/2023\/wp-json\/wp\/v2\/pages\/486\/revisions"}],"predecessor-version":[{"id":1894,"href":"https:\/\/cartagena.wordcamp.org\/2023\/wp-json\/wp\/v2\/pages\/486\/revisions\/1894"}],"wp:featuredmedia":[{"embeddable":true,"href":"https:\/\/cartagena.wordcamp.org\/2023\/wp-json\/wp\/v2\/media\/343"}],"wp:attachment":[{"href":"https:\/\/cartagena.wordcamp.org\/2023\/wp-json\/wp\/v2\/media?parent=486"}],"curies":[{"name":"wp","href":"https:\/\/api.w.org\/{rel}","templated":true}]}}