{"id":2166,"date":"2023-05-30T12:44:20","date_gmt":"2023-05-30T10:44:20","guid":{"rendered":"https:\/\/cartagena.wordcamp.org\/2023\/?page_id=2166"},"modified":"2024-05-27T09:09:24","modified_gmt":"2024-05-27T07:09:24","slug":"entradas-2","status":"publish","type":"page","link":"https:\/\/cartagena.wordcamp.org\/2023\/entradas-2\/","title":{"rendered":"Entradas"},"content":{"rendered":"\n<div style=\"height:130px\" aria-hidden=\"true\" class=\"wp-block-spacer\"><\/div>\n\n\n\n<div class=\"wp-block-query is-layout-flow wp-block-query-is-layout-flow\"><ul class=\"wp-block-post-template is-layout-flow wp-block-post-template-is-layout-flow\"><li class=\"wp-block-post post-2280 post type-post status-publish format-standard has-post-thumbnail hentry category-uncategorized\">\n<h2 class=\"wp-block-post-title\"><a href=\"https:\/\/cartagena.wordcamp.org\/2023\/personaliza-tus-propias-ponencias-y-enviatelas-por-correo\/\" target=\"_self\" >Personaliza tus propias ponencias y enviatelas por correo<\/a><\/h2>\n\n<figure style=\"aspect-ratio:16\/9;\" class=\"alignwide wp-block-post-featured-image\"><a href=\"https:\/\/cartagena.wordcamp.org\/2023\/personaliza-tus-propias-ponencias-y-enviatelas-por-correo\/\" target=\"_self\"  ><img loading=\"lazy\" decoding=\"async\" width=\"600\" height=\"400\" src=\"https:\/\/cartagena.wordcamp.org\/2023\/files\/2023\/06\/Personaliza-tus-propias-ponencias-y-enviatelas-por-correo-1.png\" class=\"attachment-post-thumbnail size-post-thumbnail wp-post-image\" alt=\"Personaliza tus propias ponencias y enviatelas por correo\" style=\"width:100%;height:100%;object-fit:fill;\" srcset=\"https:\/\/cartagena.wordcamp.org\/2023\/files\/2023\/06\/Personaliza-tus-propias-ponencias-y-enviatelas-por-correo-1.png 600w, https:\/\/cartagena.wordcamp.org\/2023\/files\/2023\/06\/Personaliza-tus-propias-ponencias-y-enviatelas-por-correo-1-300x200.png 300w, https:\/\/cartagena.wordcamp.org\/2023\/files\/2023\/06\/Personaliza-tus-propias-ponencias-y-enviatelas-por-correo-1-450x300.png 450w\" sizes=\"auto, (max-width: 600px) 100vw, 600px\" \/><\/a><\/figure>\n\n<div class=\"wp-block-post-excerpt\"><p class=\"wp-block-post-excerpt__excerpt\">Hola, como queremos que tu experiencia con la WordCamp sea la mejor posible te hemos preparado este video sobre como seleccionar las ponencias que m\u00e1s te interesen en cada momento y que no se te escape ninguna. Y as\u00ed ves la claridad con la que nuestra compa\u00f1era, Miriam Olivares explica las cosas. Ah, y ya&hellip; <\/p><\/div>\n\n\n<hr class=\"wp-block-separator has-css-opacity\" \/>\n\n\n<div class=\"wp-block-post-date\"><time datetime=\"2023-06-06T13:37:12+02:00\">junio 6, 2023<\/time><\/div>\n<\/li><li class=\"wp-block-post post-1997 post type-post status-publish format-standard has-post-thumbnail hentry category-uncategorized\">\n<h2 class=\"wp-block-post-title\"><a href=\"https:\/\/cartagena.wordcamp.org\/2023\/que-ver-en-cartagena-mientras-asistes-a-la-wordcamp\/\" target=\"_self\" >Qu\u00e9 ver en Cartagena mientras asistes a la WordCamp<\/a><\/h2>\n\n<figure style=\"aspect-ratio:16\/9;\" class=\"alignwide wp-block-post-featured-image\"><a href=\"https:\/\/cartagena.wordcamp.org\/2023\/que-ver-en-cartagena-mientras-asistes-a-la-wordcamp\/\" target=\"_self\"  ><img loading=\"lazy\" decoding=\"async\" width=\"600\" height=\"400\" src=\"https:\/\/cartagena.wordcamp.org\/2023\/files\/2023\/05\/Que-ver-en-Cartagena-mientras-asistes-a-la-WordCamp.png\" class=\"attachment-post-thumbnail size-post-thumbnail wp-post-image\" alt=\"Qu\u00e9 ver en Cartagena mientras asistes a la WordCamp\" style=\"width:100%;height:100%;object-fit:fill;\" srcset=\"https:\/\/cartagena.wordcamp.org\/2023\/files\/2023\/05\/Que-ver-en-Cartagena-mientras-asistes-a-la-WordCamp.png 600w, https:\/\/cartagena.wordcamp.org\/2023\/files\/2023\/05\/Que-ver-en-Cartagena-mientras-asistes-a-la-WordCamp-300x200.png 300w, https:\/\/cartagena.wordcamp.org\/2023\/files\/2023\/05\/Que-ver-en-Cartagena-mientras-asistes-a-la-WordCamp-450x300.png 450w\" sizes=\"auto, (max-width: 600px) 100vw, 600px\" \/><\/a><\/figure>\n\n<div class=\"wp-block-post-excerpt\"><p class=\"wp-block-post-excerpt__excerpt\">Lo genial de las WordCamps es que puedes conocer la ciudad donde se celebra. Muchos de los asistentes vienen de fuera y en compa\u00f1\u00eda de su familia, y esto permite que podamos promocionar en cierta forma nuestro entorno. Este a\u00f1o es la primera vez que se hace una WordCamp en Cartagena, pero no solo la&hellip; <\/p><\/div>\n\n\n<hr class=\"wp-block-separator has-css-opacity\" \/>\n\n\n<div class=\"wp-block-post-date\"><time datetime=\"2023-05-18T19:34:19+02:00\">mayo 18, 2023<\/time><\/div>\n<\/li><li class=\"wp-block-post post-1946 post type-post status-publish format-standard has-post-thumbnail hentry category-uncategorized\">\n<h2 class=\"wp-block-post-title\"><a href=\"https:\/\/cartagena.wordcamp.org\/2023\/por-que-deberias-ir-a-wordcamp-cartagena\/\" target=\"_self\" >\u00bfPor qu\u00e9 deber\u00edas ir a WordCamp Cartagena?<\/a><\/h2>\n\n<figure style=\"aspect-ratio:16\/9;\" class=\"alignwide wp-block-post-featured-image\"><a href=\"https:\/\/cartagena.wordcamp.org\/2023\/por-que-deberias-ir-a-wordcamp-cartagena\/\" target=\"_self\"  ><img loading=\"lazy\" decoding=\"async\" width=\"600\" height=\"400\" src=\"https:\/\/cartagena.wordcamp.org\/2023\/files\/2023\/05\/\u00bfPor-que-deberias-ir-a-WordCamp-Cartagena-1.png\" class=\"attachment-post-thumbnail size-post-thumbnail wp-post-image\" alt=\"\u00bfPor qu\u00e9 deber\u00edas ir a WordCamp Cartagena?\" style=\"width:100%;height:100%;object-fit:fill;\" srcset=\"https:\/\/cartagena.wordcamp.org\/2023\/files\/2023\/05\/\u00bfPor-que-deberias-ir-a-WordCamp-Cartagena-1.png 600w, https:\/\/cartagena.wordcamp.org\/2023\/files\/2023\/05\/\u00bfPor-que-deberias-ir-a-WordCamp-Cartagena-1-300x200.png 300w, https:\/\/cartagena.wordcamp.org\/2023\/files\/2023\/05\/\u00bfPor-que-deberias-ir-a-WordCamp-Cartagena-1-450x300.png 450w\" sizes=\"auto, (max-width: 600px) 100vw, 600px\" \/><\/a><\/figure>\n\n<div class=\"wp-block-post-excerpt\"><p class=\"wp-block-post-excerpt__excerpt\">Incluso si no sabes ni qu\u00e9 es WordPress Puede que seas emprendedor y que tengas una web, pero probablemente nunca hab\u00edas escuchado la palabra \u00abWordCamp\u00bb A lo mejor piensas que en estos eventos solo habr\u00e1 desarrolladores web, creadores de contenido, SEOs, dise\u00f1adores y gente que habla t\u00e9cnicamente sobre marketing digital . Pues te vamos a&hellip; <\/p><\/div>\n\n\n<hr class=\"wp-block-separator has-css-opacity\" \/>\n\n\n<div class=\"wp-block-post-date\"><time datetime=\"2023-05-17T19:43:09+02:00\">mayo 17, 2023<\/time><\/div>\n<\/li><\/ul><\/div>\n\n\n\n<div style=\"height:100px\" aria-hidden=\"true\" class=\"wp-block-spacer\"><\/div>\n","protected":false},"excerpt":{"rendered":"","protected":false},"author":16436869,"featured_media":0,"parent":0,"menu_order":0,"comment_status":"closed","ping_status":"closed","template":"page-2","meta":{"_crdt_document":"","jetpack_post_was_ever_published":false,"footnotes":""},"class_list":["post-2166","page","type-page","status-publish","hentry"],"jetpack_sharing_enabled":true,"_links":{"self":[{"href":"https:\/\/cartagena.wordcamp.org\/2023\/wp-json\/wp\/v2\/pages\/2166","targetHints":{"allow":["GET"]}}],"collection":[{"href":"https:\/\/cartagena.wordcamp.org\/2023\/wp-json\/wp\/v2\/pages"}],"about":[{"href":"https:\/\/cartagena.wordcamp.org\/2023\/wp-json\/wp\/v2\/types\/page"}],"author":[{"embeddable":true,"href":"https:\/\/cartagena.wordcamp.org\/2023\/wp-json\/wp\/v2\/users\/16436869"}],"replies":[{"embeddable":true,"href":"https:\/\/cartagena.wordcamp.org\/2023\/wp-json\/wp\/v2\/comments?post=2166"}],"version-history":[{"count":9,"href":"https:\/\/cartagena.wordcamp.org\/2023\/wp-json\/wp\/v2\/pages\/2166\/revisions"}],"predecessor-version":[{"id":2180,"href":"https:\/\/cartagena.wordcamp.org\/2023\/wp-json\/wp\/v2\/pages\/2166\/revisions\/2180"}],"wp:attachment":[{"href":"https:\/\/cartagena.wordcamp.org\/2023\/wp-json\/wp\/v2\/media?parent=2166"}],"curies":[{"name":"wp","href":"https:\/\/api.w.org\/{rel}","templated":true}]}}