{"id":1426,"date":"2023-05-04T11:23:04","date_gmt":"2023-05-04T09:23:04","guid":{"rendered":"https:\/\/cartagena.wordcamp.org\/2023\/?page_id=1426"},"modified":"2023-05-11T13:00:06","modified_gmt":"2023-05-11T11:00:06","slug":"que-vamos-a-hacer","status":"publish","type":"page","link":"https:\/\/cartagena.wordcamp.org\/2023\/que-vamos-a-hacer\/","title":{"rendered":"\u00bfQu\u00e9 vamos a hacer?"},"content":{"rendered":"\n<h3 class=\"wp-block-heading\">S\u00e1bado 10<\/h3>\n\n\n\n<div class=\"wp-block-columns is-layout-flex wp-container-core-columns-is-layout-f56f613f wp-block-columns-is-layout-flex\">\n<div class=\"wp-block-column is-layout-flow wp-block-column-is-layout-flow\">\n<p class=\"wp-block-paragraph\">El S\u00e1bado 10 el evento grande ser\u00e1 en el <a href=\"https:\/\/auditorioelbatel.es\/\">Auditorio El Batel<\/a> en el mismo puerto de Cartagena<\/p>\n\n\n\n<p class=\"wp-block-paragraph\">Desde tu llegada tendr\u00e1s caf\u00e9, infusiones y agua sin limite a tu disposici\u00f3n<\/p>\n\n\n\n<p class=\"wp-block-paragraph\">Habr\u00e1 dos tracks de ponencias que ya puedes consultar aqu\u00ed<\/p>\n\n\n\n<div class=\"wp-block-buttons is-content-justification-center is-layout-flex wp-container-core-buttons-is-layout-20959078 wp-block-buttons-is-layout-flex\">\n<div class=\"wp-block-button\"><a class=\"wp-block-button__link has-text-align-center wp-element-button\" href=\"https:\/\/cartagena.wordcamp.org\/2023\/programa\/\">Programa<\/a><\/div>\n<\/div>\n\n\n\n<p class=\"wp-block-paragraph\">Ni te imaginas lo que te pueden ayudar todos estos conocimientos<\/p>\n\n\n\n<p class=\"wp-block-paragraph\">Mientras en los pasillos podr\u00e1s de disfrutar conociendo much\u00edsima gente e incluso charlar con los ponentes y los patrocinadores. En las WordCamps nadie es m\u00e1s que nadie y todo el mundo es muy accesible. <\/p>\n<\/div>\n\n\n\n<div class=\"wp-block-column is-vertically-aligned-center is-layout-flow wp-block-column-is-layout-flow\">\n<figure class=\"wp-block-image aligncenter size-large is-resized\"><img loading=\"lazy\" decoding=\"async\" src=\"https:\/\/cartagena.wordcamp.org\/2023\/files\/2023\/03\/OTROS-3772-1024x683.jpg\" alt=\"\" class=\"wp-image-144\" width=\"768\" height=\"512\" srcset=\"https:\/\/cartagena.wordcamp.org\/2023\/files\/2023\/03\/OTROS-3772-1024x683.jpg 1024w, https:\/\/cartagena.wordcamp.org\/2023\/files\/2023\/03\/OTROS-3772-300x200.jpg 300w, https:\/\/cartagena.wordcamp.org\/2023\/files\/2023\/03\/OTROS-3772-768x512.jpg 768w, https:\/\/cartagena.wordcamp.org\/2023\/files\/2023\/03\/OTROS-3772-450x300.jpg 450w, https:\/\/cartagena.wordcamp.org\/2023\/files\/2023\/03\/OTROS-3772-1536x1024.jpg 1536w, https:\/\/cartagena.wordcamp.org\/2023\/files\/2023\/03\/OTROS-3772-2048x1365.jpg 2048w, https:\/\/cartagena.wordcamp.org\/2023\/files\/2023\/03\/OTROS-3772-1200x800.jpg 1200w, https:\/\/cartagena.wordcamp.org\/2023\/files\/2023\/03\/OTROS-3772-1980x1320.jpg 1980w\" sizes=\"auto, (max-width: 768px) 100vw, 768px\" \/><figcaption class=\"wp-element-caption\">Auditorio El Batel<\/figcaption><\/figure>\n<\/div>\n<\/div>\n\n\n\n<hr class=\"wp-block-separator has-text-color has-alpha-channel-opacity has-background is-style-wide\" style=\"background-color:#0077c8;color:#0077c8\" \/>\n\n\n\n<div class=\"wp-block-columns is-layout-flex wp-container-core-columns-is-layout-f56f613f wp-block-columns-is-layout-flex\">\n<div class=\"wp-block-column is-vertically-aligned-center is-layout-flow wp-block-column-is-layout-flow\">\n<figure class=\"wp-block-image aligncenter size-full is-resized\"><img loading=\"lazy\" decoding=\"async\" src=\"https:\/\/cartagena.wordcamp.org\/2023\/files\/2023\/04\/r5fc-Restaurante-Real-Club-de-Regatas-design.jpg\" alt=\"\" class=\"wp-image-911\" width=\"720\" height=\"540\" srcset=\"https:\/\/cartagena.wordcamp.org\/2023\/files\/2023\/04\/r5fc-Restaurante-Real-Club-de-Regatas-design.jpg 960w, https:\/\/cartagena.wordcamp.org\/2023\/files\/2023\/04\/r5fc-Restaurante-Real-Club-de-Regatas-design-300x225.jpg 300w, https:\/\/cartagena.wordcamp.org\/2023\/files\/2023\/04\/r5fc-Restaurante-Real-Club-de-Regatas-design-768x576.jpg 768w, https:\/\/cartagena.wordcamp.org\/2023\/files\/2023\/04\/r5fc-Restaurante-Real-Club-de-Regatas-design-400x300.jpg 400w\" sizes=\"auto, (max-width: 720px) 100vw, 720px\" \/><\/figure>\n<\/div>\n\n\n\n<div class=\"wp-block-column is-layout-flow wp-block-column-is-layout-flow\">\n<p class=\"wp-block-paragraph\">\u00a1\u00a1\u00a1No olvides charlar con nuestros patrocinadores, tienen obsequios y ofertas para ti!!!<\/p>\n\n\n\n<p class=\"wp-block-paragraph\">Al medio d\u00eda habr\u00e1 un par\u00f3n para comer. La comida ser\u00e1 en el <a href=\"https:\/\/clubregatascartagena.es\/\" data-type=\"URL\" data-id=\"https:\/\/clubregatascartagena.es\/\">Real club de regatas<\/a> a 3 minutos andando y va incluida en <a href=\"https:\/\/cartagena.wordcamp.org\/2023\/entradas\/\" data-type=\"page\" data-id=\"13\">la entrada<\/a>. <\/p>\n\n\n\n<p class=\"wp-block-paragraph\">Despu\u00e9s de la comida volveremos al Batel para seguir aprendiendo, ya con las energ\u00edas renovadas. <\/p>\n\n\n\n<p class=\"wp-block-paragraph\">El evento acabar\u00e1 sobre las  20:00 con los sorteos y la despedida y agradecimientos. <\/p>\n\n\n\n<p class=\"wp-block-paragraph\">Pero eso no es todo, por la noche tendremos la AfterParty donde te invitaremos a tomar algo con nosotros, cenar y seguir disfrutando de la noche Cartagenera en ese enclave \u00fanico que es el Puerto.  <\/p>\n<\/div>\n<\/div>\n\n\n\n<hr class=\"wp-block-separator has-text-color has-alpha-channel-opacity has-background is-style-wide\" style=\"background-color:#0077c8;color:#0077c8\" \/>\n\n\n\n<h2 class=\"wp-block-heading\">Domingo 11<\/h2>\n\n\n\n<div class=\"wp-block-columns are-vertically-aligned-center is-layout-flex wp-container-core-columns-is-layout-f56f613f wp-block-columns-is-layout-flex\">\n<div class=\"wp-block-column is-vertically-aligned-center is-layout-flow wp-block-column-is-layout-flow\" style=\"flex-basis:33.33%\">\n<figure class=\"wp-block-image size-full\"><img loading=\"lazy\" decoding=\"async\" width=\"500\" height=\"500\" src=\"https:\/\/cartagena.wordcamp.org\/2023\/files\/2023\/04\/churros.png\" alt=\"\" class=\"wp-image-920\" srcset=\"https:\/\/cartagena.wordcamp.org\/2023\/files\/2023\/04\/churros.png 500w, https:\/\/cartagena.wordcamp.org\/2023\/files\/2023\/04\/churros-300x300.png 300w, https:\/\/cartagena.wordcamp.org\/2023\/files\/2023\/04\/churros-150x150.png 150w\" sizes=\"auto, (max-width: 500px) 100vw, 500px\" \/><\/figure>\n<\/div>\n\n\n\n<div class=\"wp-block-column is-vertically-aligned-center is-layout-flow wp-block-column-is-layout-flow\" style=\"flex-basis:66.66%\">\n<p class=\"wp-block-paragraph\">\u00bfTe parece mucho? Pues el Domingo por la ma\u00f1ana nos volveremos a ver para tomar el desayuno juntos en el club de regatas mientras hacemos networking en el Real Club de regatas de Cartagena. <\/p>\n\n\n\n<p class=\"wp-block-paragraph\">Y despu\u00e9s fin de fiesta.<\/p>\n\n\n\n<p class=\"wp-block-paragraph\">\u00bfTe parece mucho? Pues todav\u00eda estamos trabajando para darte m\u00e1s<\/p>\n\n\n\n<p class=\"wp-block-paragraph\">Todo esto lo puedes disfrutar por solo 25\u20ac<\/p>\n<\/div>\n<\/div>\n\n\n\n<div class=\"wp-block-buttons is-content-justification-center is-layout-flex wp-container-core-buttons-is-layout-20959078 wp-block-buttons-is-layout-flex\">\n<div class=\"wp-block-button\"><a class=\"wp-block-button__link wp-element-button\" href=\"https:\/\/cartagena.wordcamp.org\/2023\/entradas\/\">Comprar entrada<\/a><\/div>\n<\/div>\n","protected":false},"excerpt":{"rendered":"<p>S\u00e1bado 10 El S\u00e1bado 10 el evento grande ser\u00e1 en el Auditorio El Batel en el mismo puerto de Cartagena Desde tu llegada tendr\u00e1s caf\u00e9, infusiones y agua sin limite a tu disposici\u00f3n Habr\u00e1 dos tracks de ponencias que ya puedes consultar aqu\u00ed Ni te imaginas lo que te pueden ayudar todos estos conocimientos Mientras [&hellip;]<\/p>\n","protected":false},"author":16436869,"featured_media":0,"parent":0,"menu_order":0,"comment_status":"closed","ping_status":"closed","template":"page-2","meta":{"_crdt_document":"","jetpack_post_was_ever_published":false,"footnotes":""},"class_list":["post-1426","page","type-page","status-publish","hentry"],"jetpack_sharing_enabled":true,"_links":{"self":[{"href":"https:\/\/cartagena.wordcamp.org\/2023\/wp-json\/wp\/v2\/pages\/1426","targetHints":{"allow":["GET"]}}],"collection":[{"href":"https:\/\/cartagena.wordcamp.org\/2023\/wp-json\/wp\/v2\/pages"}],"about":[{"href":"https:\/\/cartagena.wordcamp.org\/2023\/wp-json\/wp\/v2\/types\/page"}],"author":[{"embeddable":true,"href":"https:\/\/cartagena.wordcamp.org\/2023\/wp-json\/wp\/v2\/users\/16436869"}],"replies":[{"embeddable":true,"href":"https:\/\/cartagena.wordcamp.org\/2023\/wp-json\/wp\/v2\/comments?post=1426"}],"version-history":[{"count":2,"href":"https:\/\/cartagena.wordcamp.org\/2023\/wp-json\/wp\/v2\/pages\/1426\/revisions"}],"predecessor-version":[{"id":1787,"href":"https:\/\/cartagena.wordcamp.org\/2023\/wp-json\/wp\/v2\/pages\/1426\/revisions\/1787"}],"wp:attachment":[{"href":"https:\/\/cartagena.wordcamp.org\/2023\/wp-json\/wp\/v2\/media?parent=1426"}],"curies":[{"name":"wp","href":"https:\/\/api.w.org\/{rel}","templated":true}]}}