{"id":13,"date":"2023-03-23T10:56:36","date_gmt":"2023-03-23T09:56:36","guid":{"rendered":"https:\/\/cartagena.wordcamp.org\/2023\/?page_id=13"},"modified":"2023-06-11T17:46:49","modified_gmt":"2023-06-11T15:46:49","slug":"entradas","status":"publish","type":"page","link":"https:\/\/cartagena.wordcamp.org\/2023\/entradas\/","title":{"rendered":"\u00a1Compra tu entrada!"},"content":{"rendered":"\n<div class=\"wp-block-cover alignfull\" style=\"min-height:244px;aspect-ratio:unset;\"><span aria-hidden=\"true\" class=\"wp-block-cover__background has-background-dim-100 has-background-dim\" style=\"background-color:#0077c8\"><\/span><div class=\"wp-block-cover__inner-container is-layout-constrained wp-block-cover-is-layout-constrained\">\n<div class=\"wp-block-columns alignwide is-layout-flex wp-container-core-columns-is-layout-f56f613f wp-block-columns-is-layout-flex\">\n<div class=\"wp-block-column is-layout-flow wp-block-column-is-layout-flow\" style=\"flex-basis:33.33%\">\n<figure class=\"wp-block-image aligncenter size-full is-resized\"><img loading=\"lazy\" decoding=\"async\" src=\"https:\/\/cartagena.wordcamp.org\/2023\/files\/2023\/03\/patente-de-corso.png\" alt=\"\" class=\"wp-image-416\" width=\"169\" height=\"169\" srcset=\"https:\/\/cartagena.wordcamp.org\/2023\/files\/2023\/03\/patente-de-corso.png 500w, https:\/\/cartagena.wordcamp.org\/2023\/files\/2023\/03\/patente-de-corso-300x300.png 300w, https:\/\/cartagena.wordcamp.org\/2023\/files\/2023\/03\/patente-de-corso-150x150.png 150w\" sizes=\"auto, (max-width: 169px) 100vw, 169px\" \/><\/figure>\n<\/div>\n\n\n\n<div class=\"wp-block-column is-vertically-aligned-center is-layout-flow wp-block-column-is-layout-flow\" style=\"flex-basis:66.66%\">\n<h2 class=\"wp-block-heading has-text-align-center\">\u00a1Compra tu entrada!<\/h2>\n\n\n\n<p class=\"has-text-align-center wp-block-paragraph\">No te pierdas el evento del a\u00f1o<\/p>\n<\/div>\n<\/div>\n<\/div><\/div>\n\n\n\n<div class=\"wp-block-columns alignwide is-layout-flex wp-container-core-columns-is-layout-f6ac1ac2 wp-block-columns-is-layout-flex\" style=\"padding-top:var(--wp--preset--spacing--40);padding-right:var(--wp--preset--spacing--40);padding-bottom:var(--wp--preset--spacing--40);padding-left:var(--wp--preset--spacing--40)\">\n<div class=\"wp-block-column is-vertically-aligned-center is-layout-flow wp-block-column-is-layout-flow\" style=\"padding-top:var(--wp--preset--spacing--30);padding-right:var(--wp--preset--spacing--30);padding-bottom:var(--wp--preset--spacing--30);padding-left:var(--wp--preset--spacing--30)\">\n<p class=\"wp-block-paragraph\">La WordCamp Cartagena se celebra el 10 y 11 de junio de 2023. Y durante estos dos d\u00edas no vas a parar.<\/p>\n\n\n\n<p class=\"wp-block-paragraph\">Ten bien abiertos los ojos, los o\u00eddos y la boca. Porque te vas a cansar de ver, escuchar, hablar y comer o beber durante 2 d\u00edas.<\/p>\n\n\n\n<p class=\"wp-block-paragraph\">Si est\u00e1s dispuesto, dale ya al bot\u00f3n de comprar.<\/p>\n\n\n\n<p class=\"wp-block-paragraph\">Con los 25 \u20ac que cuesta la entrada, te vas a llevar para casa una experiencia \u00fanica y memorable. Pero si para ti no es suficiente, mira lo que te incluye:<\/p>\n\n\n\n<ul class=\"wp-block-list\">\n<li>Acreditaci\u00f3n con tu nombre&nbsp;<\/li>\n\n\n\n<li>Bolsa de bienvenida con regalicos m\u00e1s bonicos que n\u00e1<\/li>\n\n\n\n<li>Caf\u00e9 y agua a pajera abierta&nbsp;<\/li>\n\n\n\n<li>Comida g\u00fcena<\/li>\n\n\n\n<li>After Party con cena y DJ\u2026y alguna sorpresa<\/li>\n\n\n\n<li>Y habr\u00e1 m\u00e1s cosas que, de momento, nos callamos<\/li>\n<\/ul>\n<\/div>\n\n\n\n<div class=\"wp-block-column is-vertically-aligned-center has-background is-layout-flow wp-block-column-is-layout-flow\" style=\"background-color:#0077c8;padding-top:var(--wp--preset--spacing--30);padding-right:var(--wp--preset--spacing--30);padding-bottom:var(--wp--preset--spacing--30);padding-left:var(--wp--preset--spacing--30)\">\n<h3 class=\"wp-block-heading has-text-align-center has-background-color has-text-color\">\u00bfY d\u00f3nde se hace todo esto?<\/h3>\n\n\n\n<p class=\"has-background-color has-text-color wp-block-paragraph\">Hemos buscado la mejor ubicaci\u00f3n de toda Cartagena, el Puerto.<\/p>\n\n\n\n<p class=\"has-background-color has-text-color wp-block-paragraph\">El s\u00e1bado 10 de junio, el caf\u00e9 de bienvenida, los talleres y las ponencias ser\u00e1n en El Batel, un auditorio precioso que hay junto al Puerto de Cartagena.<\/p>\n\n\n\n<p class=\"has-background-color has-text-color wp-block-paragraph\">La comida y la after party ser\u00e1n en el Real Club de Regatas de Cartagena, comeremos mirando al mar y a los barcos.<\/p>\n\n\n\n<p class=\"has-background-color has-text-color wp-block-paragraph\">El domingo 11 de junio, habr\u00e1 ponencias y desayuno en el Real Club de Regatas.<\/p>\n\n\n\n<div class=\"wp-block-columns is-layout-flex wp-container-core-columns-is-layout-f56f613f wp-block-columns-is-layout-flex\">\n<div class=\"wp-block-column is-layout-flow wp-block-column-is-layout-flow\">\n<figure class=\"wp-block-image size-full\"><img loading=\"lazy\" decoding=\"async\" width=\"500\" height=\"500\" src=\"https:\/\/cartagena.wordcamp.org\/2023\/files\/2023\/03\/el-batel1.png\" alt=\"\" class=\"wp-image-280\" srcset=\"https:\/\/cartagena.wordcamp.org\/2023\/files\/2023\/03\/el-batel1.png 500w, https:\/\/cartagena.wordcamp.org\/2023\/files\/2023\/03\/el-batel1-300x300.png 300w, https:\/\/cartagena.wordcamp.org\/2023\/files\/2023\/03\/el-batel1-150x150.png 150w\" sizes=\"auto, (max-width: 500px) 100vw, 500px\" \/><\/figure>\n<\/div>\n\n\n\n<div class=\"wp-block-column is-layout-flow wp-block-column-is-layout-flow\">\n<figure class=\"wp-block-image size-full\"><img loading=\"lazy\" decoding=\"async\" width=\"500\" height=\"500\" src=\"https:\/\/cartagena.wordcamp.org\/2023\/files\/2023\/04\/club-de-regatas.png\" alt=\"\" class=\"wp-image-764\" srcset=\"https:\/\/cartagena.wordcamp.org\/2023\/files\/2023\/04\/club-de-regatas.png 500w, https:\/\/cartagena.wordcamp.org\/2023\/files\/2023\/04\/club-de-regatas-300x300.png 300w, https:\/\/cartagena.wordcamp.org\/2023\/files\/2023\/04\/club-de-regatas-150x150.png 150w\" sizes=\"auto, (max-width: 500px) 100vw, 500px\" \/><\/figure>\n<\/div>\n<\/div>\n<\/div>\n<\/div>\n\n\n<a href=\"https:\/\/cartagena.wordcamp.org\/2023\/entradas\/\">Por favor, ve esta p\u00e1gina en un navegador para hacer una compra o gestionar entradas.<\/a>\n","protected":false},"excerpt":{"rendered":"<p>La WordCamp Cartagena se celebra el 10 y 11 de junio de 2023. Y durante estos dos d\u00edas no vas a parar. Ten bien abiertos los ojos, los o\u00eddos y la boca. Porque te vas a cansar de ver, escuchar, hablar y comer o beber durante 2 d\u00edas. Si est\u00e1s dispuesto, dale ya al bot\u00f3n [&hellip;]<\/p>\n","protected":false},"author":16436869,"featured_media":416,"parent":0,"menu_order":0,"comment_status":"closed","ping_status":"closed","template":"page-2","meta":{"_crdt_document":"","jetpack_post_was_ever_published":false,"footnotes":""},"class_list":["post-13","page","type-page","status-publish","has-post-thumbnail","hentry"],"jetpack_sharing_enabled":true,"_links":{"self":[{"href":"https:\/\/cartagena.wordcamp.org\/2023\/wp-json\/wp\/v2\/pages\/13","targetHints":{"allow":["GET"]}}],"collection":[{"href":"https:\/\/cartagena.wordcamp.org\/2023\/wp-json\/wp\/v2\/pages"}],"about":[{"href":"https:\/\/cartagena.wordcamp.org\/2023\/wp-json\/wp\/v2\/types\/page"}],"author":[{"embeddable":true,"href":"https:\/\/cartagena.wordcamp.org\/2023\/wp-json\/wp\/v2\/users\/16436869"}],"replies":[{"embeddable":true,"href":"https:\/\/cartagena.wordcamp.org\/2023\/wp-json\/wp\/v2\/comments?post=13"}],"version-history":[{"count":20,"href":"https:\/\/cartagena.wordcamp.org\/2023\/wp-json\/wp\/v2\/pages\/13\/revisions"}],"predecessor-version":[{"id":1849,"href":"https:\/\/cartagena.wordcamp.org\/2023\/wp-json\/wp\/v2\/pages\/13\/revisions\/1849"}],"wp:featuredmedia":[{"embeddable":true,"href":"https:\/\/cartagena.wordcamp.org\/2023\/wp-json\/wp\/v2\/media\/416"}],"wp:attachment":[{"href":"https:\/\/cartagena.wordcamp.org\/2023\/wp-json\/wp\/v2\/media?parent=13"}],"curies":[{"name":"wp","href":"https:\/\/api.w.org\/{rel}","templated":true}]}}