{"id":11,"date":"2023-01-09T10:20:34","date_gmt":"2023-01-09T09:20:34","guid":{"rendered":"https:\/\/cartagena.wordcamp.org\/2023\/location\/"},"modified":"2024-03-01T11:20:49","modified_gmt":"2024-03-01T10:20:49","slug":"location","status":"publish","type":"page","link":"https:\/\/cartagena.wordcamp.org\/2023\/location\/","title":{"rendered":"Localizaci\u00f3n"},"content":{"rendered":"\n<div class=\"wp-block-cover alignfull\" style=\"min-height:244px;aspect-ratio:unset;\"><span aria-hidden=\"true\" class=\"wp-block-cover__background has-background-dim-100 has-background-dim\" style=\"background-color:#0077c8\"><\/span><div class=\"wp-block-cover__inner-container is-layout-constrained wp-block-cover-is-layout-constrained\">\n<div class=\"wp-block-columns alignwide is-layout-flex wp-container-core-columns-is-layout-f56f613f wp-block-columns-is-layout-flex\">\n<div class=\"wp-block-column is-layout-flow wp-block-column-is-layout-flow\" style=\"flex-basis:33.33%\">\n<figure class=\"wp-block-image aligncenter size-full is-resized\"><img loading=\"lazy\" decoding=\"async\" width=\"500\" height=\"500\" src=\"https:\/\/cartagena.wordcamp.org\/2023\/files\/2023\/03\/mapa.png\" alt=\"\" class=\"wp-image-378\" style=\"width:209px;height:209px\" srcset=\"https:\/\/cartagena.wordcamp.org\/2023\/files\/2023\/03\/mapa.png 500w, https:\/\/cartagena.wordcamp.org\/2023\/files\/2023\/03\/mapa-300x300.png 300w, https:\/\/cartagena.wordcamp.org\/2023\/files\/2023\/03\/mapa-150x150.png 150w\" sizes=\"auto, (max-width: 500px) 100vw, 500px\" \/><\/figure>\n<\/div>\n\n\n\n<div class=\"wp-block-column is-vertically-aligned-center is-layout-flow wp-block-column-is-layout-flow\" style=\"flex-basis:66.66%\">\n<h2 class=\"wp-block-heading has-text-align-center\">\u00bfD\u00f3nde es?<\/h2>\n\n\n\n<p class=\"has-text-align-center wp-block-paragraph\">Todo el evento se realizar\u00e1 en el hist\u00f3rico puerto de Cartagena entre el Auditorio El Batel y El Club de regatas<\/p>\n<\/div>\n<\/div>\n<\/div><\/div>\n\n\n\n<div style=\"height:20px\" aria-hidden=\"true\" class=\"wp-block-spacer\"><\/div>\n\n\n\n<div class=\"wp-block-columns alignwide is-layout-flex wp-container-core-columns-is-layout-f56f613f wp-block-columns-is-layout-flex\">\n<div class=\"wp-block-column is-vertically-aligned-center is-layout-flow wp-block-column-is-layout-flow\" style=\"flex-basis:33.33%\">\n<figure class=\"wp-block-image aligncenter size-large is-style-default\"><img loading=\"lazy\" decoding=\"async\" width=\"1024\" height=\"683\" src=\"https:\/\/cartagena.wordcamp.org\/2023\/files\/2023\/03\/AER-5005-1024x683.jpg\" alt=\"\" class=\"wp-image-143\" srcset=\"https:\/\/cartagena.wordcamp.org\/2023\/files\/2023\/03\/AER-5005-1024x683.jpg 1024w, https:\/\/cartagena.wordcamp.org\/2023\/files\/2023\/03\/AER-5005-300x200.jpg 300w, https:\/\/cartagena.wordcamp.org\/2023\/files\/2023\/03\/AER-5005-768x512.jpg 768w, https:\/\/cartagena.wordcamp.org\/2023\/files\/2023\/03\/AER-5005-450x300.jpg 450w, https:\/\/cartagena.wordcamp.org\/2023\/files\/2023\/03\/AER-5005-1536x1024.jpg 1536w, https:\/\/cartagena.wordcamp.org\/2023\/files\/2023\/03\/AER-5005-2048x1365.jpg 2048w, https:\/\/cartagena.wordcamp.org\/2023\/files\/2023\/03\/AER-5005-1200x800.jpg 1200w, https:\/\/cartagena.wordcamp.org\/2023\/files\/2023\/03\/AER-5005-1980x1320.jpg 1980w\" sizes=\"auto, (max-width: 1024px) 100vw, 1024px\" \/><\/figure>\n<\/div>\n\n\n\n<div class=\"wp-block-column is-vertically-aligned-center is-layout-flow wp-block-column-is-layout-flow\" style=\"flex-basis:66.66%\">\n<h3 class=\"wp-block-heading\"> Auditorio El Batel<\/h3>\n\n\n\n<p class=\"wp-block-paragraph\">Las ponencias y talleres del s\u00e1bado 10 de Junio van a tener lugar en este espectacular auditorio.&nbsp;<\/p>\n\n\n\n<p class=\"wp-block-paragraph\">En la mejor localizaci\u00f3n posible, en pleno Puerto de Cartagena, junto al Museo Nacional de Arqueolog\u00eda Subacu\u00e1tica ARQUA.<\/p>\n\n\n\n<p class=\"wp-block-paragraph\">Es un lugar impresionante, con mucha luz natural.&nbsp;<\/p>\n\n\n\n<p class=\"wp-block-paragraph\">Luz, aroma y color del Mediterr\u00e1neo.<\/p>\n\n\n\n<div class=\"wp-block-buttons is-content-justification-center is-layout-flex wp-container-core-buttons-is-layout-20959078 wp-block-buttons-is-layout-flex\">\n<div class=\"wp-block-button\"><a class=\"wp-block-button__link has-background wp-element-button\" href=\"https:\/\/goo.gl\/maps\/fzd34sqhip9HYBeH7\" style=\"background-color:#0077c8\">C\u00f3mo llegar<\/a><\/div>\n<\/div>\n<\/div>\n<\/div>\n\n\n\n<hr class=\"wp-block-separator has-text-color has-alpha-channel-opacity has-background is-style-wide\" style=\"margin-top:var(--wp--preset--spacing--60);margin-bottom:var(--wp--preset--spacing--60);background-color:#0077c8;color:#0077c8\" \/>\n\n\n\n<div class=\"wp-block-columns alignwide is-layout-flex wp-container-core-columns-is-layout-f56f613f wp-block-columns-is-layout-flex\">\n<div class=\"wp-block-column is-vertically-aligned-center is-layout-flow wp-block-column-is-layout-flow\" style=\"flex-basis:33.33%\">\n<figure class=\"wp-block-image aligncenter size-full\"><img loading=\"lazy\" decoding=\"async\" width=\"1009\" height=\"757\" src=\"https:\/\/cartagena.wordcamp.org\/2023\/files\/2023\/03\/301578329_736019954488719_6208499018931611932_n.jpg\" alt=\"\" class=\"wp-image-394\" srcset=\"https:\/\/cartagena.wordcamp.org\/2023\/files\/2023\/03\/301578329_736019954488719_6208499018931611932_n.jpg 1009w, https:\/\/cartagena.wordcamp.org\/2023\/files\/2023\/03\/301578329_736019954488719_6208499018931611932_n-300x225.jpg 300w, https:\/\/cartagena.wordcamp.org\/2023\/files\/2023\/03\/301578329_736019954488719_6208499018931611932_n-768x576.jpg 768w, https:\/\/cartagena.wordcamp.org\/2023\/files\/2023\/03\/301578329_736019954488719_6208499018931611932_n-400x300.jpg 400w\" sizes=\"auto, (max-width: 1009px) 100vw, 1009px\" \/><\/figure>\n<\/div>\n\n\n\n<div class=\"wp-block-column is-vertically-aligned-center is-layout-flow wp-block-column-is-layout-flow\" style=\"flex-basis:66.66%\">\n<h3 class=\"wp-block-heading\">Club de regatas<\/h3>\n\n\n\n<p class=\"wp-block-paragraph\">Un edificio casi tocando el mar, tambi\u00e9n ubicado en el Puerto de Cartagena, con vistas a los faros de la bocana.<\/p>\n\n\n\n<p class=\"wp-block-paragraph\">Aqu\u00ed vamos a comer y a celebrar la after party del s\u00e1bado y todas las actividades del domingo 11 de Junio.<\/p>\n\n\n\n<p class=\"wp-block-paragraph\">El tintineo de los barcos nos acompa\u00f1ar\u00e1 en este lugar, en el Puerto de Cartagena, protagonista de tantos hechos hist\u00f3ricos a lo largo de sus 3.000 a\u00f1os de Historia.<\/p>\n\n\n\n<div class=\"wp-block-buttons is-content-justification-center is-layout-flex wp-container-core-buttons-is-layout-20959078 wp-block-buttons-is-layout-flex\">\n<div class=\"wp-block-button\"><a class=\"wp-block-button__link has-background wp-element-button\" href=\"https:\/\/goo.gl\/maps\/NynYhNpZHEQ7EayF8\" style=\"background-color:#0077c8\">C\u00f3mo llegar<\/a><\/div>\n<\/div>\n<\/div>\n<\/div>\n\n\n\n<p class=\"wp-block-paragraph\"><\/p>\n","protected":false},"excerpt":{"rendered":"<p>Auditorio El Batel Las ponencias y talleres del s\u00e1bado 10 de Junio van a tener lugar en este espectacular auditorio.&nbsp; En la mejor localizaci\u00f3n posible, en pleno Puerto de Cartagena, junto al Museo Nacional de Arqueolog\u00eda Subacu\u00e1tica ARQUA. Es un lugar impresionante, con mucha luz natural.&nbsp; Luz, aroma y color del Mediterr\u00e1neo. Club de regatas [&hellip;]<\/p>\n","protected":false},"author":16436869,"featured_media":378,"parent":0,"menu_order":0,"comment_status":"closed","ping_status":"closed","template":"page-2","meta":{"_crdt_document":"","jetpack_post_was_ever_published":false,"footnotes":""},"class_list":["post-11","page","type-page","status-publish","has-post-thumbnail","hentry"],"jetpack_sharing_enabled":true,"_links":{"self":[{"href":"https:\/\/cartagena.wordcamp.org\/2023\/wp-json\/wp\/v2\/pages\/11","targetHints":{"allow":["GET"]}}],"collection":[{"href":"https:\/\/cartagena.wordcamp.org\/2023\/wp-json\/wp\/v2\/pages"}],"about":[{"href":"https:\/\/cartagena.wordcamp.org\/2023\/wp-json\/wp\/v2\/types\/page"}],"author":[{"embeddable":true,"href":"https:\/\/cartagena.wordcamp.org\/2023\/wp-json\/wp\/v2\/users\/16436869"}],"replies":[{"embeddable":true,"href":"https:\/\/cartagena.wordcamp.org\/2023\/wp-json\/wp\/v2\/comments?post=11"}],"version-history":[{"count":32,"href":"https:\/\/cartagena.wordcamp.org\/2023\/wp-json\/wp\/v2\/pages\/11\/revisions"}],"predecessor-version":[{"id":2437,"href":"https:\/\/cartagena.wordcamp.org\/2023\/wp-json\/wp\/v2\/pages\/11\/revisions\/2437"}],"wp:featuredmedia":[{"embeddable":true,"href":"https:\/\/cartagena.wordcamp.org\/2023\/wp-json\/wp\/v2\/media\/378"}],"wp:attachment":[{"href":"https:\/\/cartagena.wordcamp.org\/2023\/wp-json\/wp\/v2\/media?parent=11"}],"curies":[{"name":"wp","href":"https:\/\/api.w.org\/{rel}","templated":true}]}}